{"id":50,"date":"2019-01-17T12:13:52","date_gmt":"2019-01-17T11:13:52","guid":{"rendered":"http:\/\/test.teranet.dk\/?page_id=50"},"modified":"2024-07-17T09:06:44","modified_gmt":"2024-07-17T07:06:44","slug":"vedtaegter","status":"publish","type":"page","link":"https:\/\/www.dalila.dk\/en\/om-os\/vedtaegter\/","title":{"rendered":"Statutes"},"content":{"rendered":"<h1><strong>Vedt\u00e6gter for foreningen<\/strong><\/h1>\n<p style=\"text-align: left;\"><strong>Danish Life Science Law Association <\/strong><\/p>\n<p><strong>\u00a0<\/strong><\/p>\n<p><strong>\u00a71 Navn, administration, hjemsted og tegning<\/strong><\/p>\n<p>Foreningens navn er \u201dDanish Life Science Law Association\u201d.<\/p>\n<p>Foreningens administration varetages af bestyrelsen. Bestyrelsen kan indg\u00e5 en samarbejdsaftale mellem foreningen og Danske Advokater eller andre, som n\u00e6rmere fastl\u00e6gger opgavens omfang og udf\u00f8relse. Bestyrelsen kan herudover beslutte, at forskellige aktiviteter skal tilrettel\u00e6gges med bistand fra Danske Advokater eller andre.<\/p>\n<p>Foreningen har hjemsted i K\u00f8benhavn.<\/p>\n<p>Foreningen tegnes af formanden i forening med \u00e9t andet bestyrelsesmedlem.<\/p>\n<p><strong>\u00a72 Form\u00e5l<\/strong><\/p>\n<p>Foreningens form\u00e5l er:<\/p>\n<ol>\n<li>At udbrede kendskab til juridiske problemstillinger med relation til Life Science-sektoren.<\/li>\n<\/ol>\n<ol start=\"2\">\n<li>At virke for en h\u00f8j faglig standard inden for Life Science-r\u00e5dgivning, at bidrage til gensidig erfaringsudveksling og t\u00e6t samarbejde mellem Life Science-sektoren og danske advokater med speciale inden for Life Science-r\u00e5dgivning, at virke for en styrkelse af disse advokaters position inden for Life Science-sektoren, og at lette markedets adgang til kompetent r\u00e5dgivning vedr\u00f8rende Life Science.Ved Life Science-sektoren forst\u00e5s her s\u00e6rligt virksomheder og institutioner, der udvikler, fremstiller eller markedsf\u00f8rer l\u00e6gemidler, bioteknologiske produkter, medicinsk udstyr og lignende produkter samt tjenesteydelser i tilknytning til s\u00e5danne produkter.Ved Life Science-r\u00e5dgivning forst\u00e5s her juridisk r\u00e5dgivning til Life Science-sektoren om s\u00e6rligt regulatoriske forhold, IP-retlige forhold, konkurrenceretlige forhold, persondataretlige forhold samt kontrakter og tvister.<\/li>\n<\/ol>\n<ol start=\"3\">\n<li>At deltage i den samfundsm\u00e6ssige debat i det omfang bestyrelsen finder det rigtigt.<\/li>\n<\/ol>\n<ol start=\"4\">\n<li>At stille medlemmernes faglige kompetencer til r\u00e5dighed i lovgivningsprocessen og den retspolitiske debat, herunder for at sikre kvalitet og hensyntagen til retssikkerhed i lovgivning af betydning inden for Life Science-sektoren.<\/li>\n<\/ol>\n<p>Med henblik p\u00e5 at opfylde dette form\u00e5l afholder foreningen som minimum to \u00e5rlige faglige arrangementer af en halv dags varighed, hvoraf det ene arrangement kan afholdes i forbindelse med foreningens ordin\u00e6re generalforsamling. Herudover kan foreningen efter beslutning i bestyrelsen afholde yderligere arrangementer, eksempelvis boot camps, og deltage i andre aktiviteter.<\/p>\n<p>&nbsp;<\/p>\n<p><strong>\u00a73 Medlemmer<\/strong><\/p>\n<p>Som medlemmer kan optages enhver person med interesse for juridiske problemstillinger med relation til Life Science-sektoren.<\/p>\n<p>Indmeldelse i og udmeldelse af foreningen sker skriftligt ved henvendelse til foreningen. Udmeldelse kan kun ske til en 1. januar og med mindst en m\u00e5neds varsel. Udmeldelse anses automatisk som sket, hvis kontingentet ikke er betalt \u00e9n m\u00e5ned fra forfaldsdatoen.<\/p>\n<p>Kommunikation med foreningens medlemmer sker via e-mail. Medlemmerne er forpligtet til at modtage foreningens nyhedsmails.<\/p>\n<p>S\u00e5fremt bestyrelsen bliver bekendt med, at et medlem groft eller gentagne gange har tilsidesat sine forpligtelser i henhold til foreningens vedt\u00e6gter, er bestyrelsen berettiget til efter sit sk\u00f8n og med to tredjedeles flertal at ekskludere medlemmet. Et medlem er forpligtet til at meddele bestyrelsen s\u00e5danne oplysninger, som er n\u00f8dvendige for, at bestyrelsen kan ud\u00f8ve sit sk\u00f8n i henhold til denne bestemmelse. Bestyrelsen giver, forinden afg\u00f8relse om eksklusion tr\u00e6ffes, medlemmet lejlighed til at udtale sig.<\/p>\n<p>Bestrider et medlem, at betingelserne for eksklusion er til stede, afg\u00f8res dette endeligt og bindende ved voldgift i henhold til Det Danske Voldgiftsinstituts til enhver tid g\u00e6ldende regler, idet voldgiften skal best\u00e5 af \u00e9n voldgiftsdommer, der udpeges af Det Danske Voldgiftsinstitut, en advokat udpeget af bestyrelsen, samt en advokat udpeget af det medlem, som er part i sagen.<\/p>\n<p>&nbsp;<\/p>\n<p><strong>\u00a74 Kontingent <\/strong><\/p>\n<p>Kontingentet fasts\u00e6ttes af bestyrelsen for \u00e9t kalender\u00e5r ad gangen. Kontingentet opkr\u00e6ves for \u00e9t \u00e5r ad gangen uanset indmeldelsestidspunktet.<\/p>\n<p>&nbsp;<\/p>\n<p><strong>\u00a75 Bestyrelsen<\/strong><\/p>\n<p>Bestyrelsen best\u00e5r af op til 15 medlemmer, der v\u00e6lges af generalforsamlingen blandt foreningens medlemmer. Der kan ikke v\u00e6lges flere bestyrelsesmedlemmer fra samme virksomhed.<\/p>\n<p>Bestyrelsen v\u00e6lges for et \u00e5r ad gangen. Genvalg af et bestyrelsesmedlem kan finde sted.<\/p>\n<p>Bestyrelsen konstituerer sig selv med en formand og en n\u00e6stformand. Bestyrelsen fasts\u00e6tter selv sin forretningsorden.<\/p>\n<p>Bestyrelsen tr\u00e6ffer sine beslutninger med simpelt flertal blandt alle bestyrelsesmedlemmer. I tilf\u00e6lde af stemmelighed er formandens stemme udslagsgivende.<\/p>\n<p>Bestyrelsesm\u00f8der afholdes, n\u00e5r formanden finder det forn\u00f8dent, eller n\u00e5r mindst 2 medlemmer af bestyrelsen kr\u00e6ver det. Der afholdes minimum 4 bestyrelsesm\u00f8der hvert \u00e5r.<\/p>\n<p>Medlemmer af bestyrelsen samt disses medhj\u00e6lpere m\u00e5 ikke uberettiget videregive, hvad de under ud\u00f8velsen af deres hverv har f\u00e5et kendskab til.<\/p>\n<p>&nbsp;<\/p>\n<p><strong>\u00a76 Generalforsamling<\/strong><\/p>\n<p>Bestyrelsen indkalder foreningens medlemmer til generalforsamling, der afholdes hvert \u00e5r inden 1. juni. Dog kan generalforsamlingen i \u00e5ret efter foreningens f\u00f8rste regnskabs\u00e5r afholdes inden 1. november. Generalforsamlingen indkaldes elektronisk ved e-mail til medlemmerne p\u00e5 den til foreningen anmeldte e-mailadresse. Indkaldelsen skal ske mindst 3 uger f\u00f8r generalforsamlingen.<\/p>\n<p>Generalforsamlingen afholdes et sted i Danmark efter bestyrelsens beslutning.<\/p>\n<p>Dagsorden for generalforsamlingen omfatter f\u00f8lgende:<\/p>\n<ol>\n<li>Valg af dirigent<\/li>\n<li>Bestyrelsens beretning<\/li>\n<li>Forel\u00e6ggelse samt godkendelse af regnskab<\/li>\n<li>Forel\u00e6ggelse af forslag til budget og godkendelse af kontingent for det kommende regnskabs\u00e5r<\/li>\n<li>Valg af medlemmer til bestyrelsen<\/li>\n<li>Valg af revisor<\/li>\n<li>Indkomne forslag<\/li>\n<li>Eventuelt<\/li>\n<\/ol>\n<p style=\"text-align: justify; text-justify: inter-ideograph; line-height: 115%;\"><span style=\"font-size: 12pt; line-height: 115%; font-family: Georgia, serif;\">Forslag, der \u00f8nskes behandlet p\u00e5 generalforsamlingen, skal sendes til foreningen mindst 2 uger f\u00f8r afholdelse af generalforsamlingen. S\u00e5fremt der indkommer forslag, der \u00f8nskes behandlet p\u00e5 generalforsamlingen, fremsendes disse tillige med revideret dagsorden til medlemmerne senest 1 uge f\u00f8r generalforsamlingen.<\/span><\/p>\n<p>P\u00e5 generalforsamlingen kan der stemmes ved skriftlig fuldmagt. Et medlem kan dog h\u00f8jest stemme med 2 fuldmagter.<\/p>\n<p>Forslag til \u00e6ndring af vedt\u00e6gterne kan kun vedtages af en generalforsamling med 2\/3 af de afgivne stemmer.<\/p>\n<p>Ekstraordin\u00e6r generalforsamling kan indkaldes med 14 dages varsel, n\u00e5r bestyrelsen tr\u00e6ffer beslutning herom, eller anmodning fremkommer fra 1\/5 af foreningens medlemmer.<\/p>\n<p>&nbsp;<\/p>\n<p><strong>\u00a77 Certificering<\/strong><\/p>\n<p>Bestyrelsen kan beslutte, at foreningen skal etablere en certificeringsordning for medlemmer af foreningen, der er bestallingshavende advokater. Bestyrelsen fasts\u00e6tter i forbindelse med s\u00e5dan beslutning detaljerede krav til certificering, eksempelvis med hensyn til dokumentation for arbejde med juridiske problemstillinger med relation til Life Science-sektoren og relevant efteruddannelse. Krav til dokumentation kan bl.a. best\u00e5 af freml\u00e6ggelse af tro- og love-erkl\u00e6ringer, beskrivelse af sags- og klientportef\u00f8ljer, herunder for s\u00e5 vidt ang\u00e5r den ans\u00f8gendes konkrete arbejdsomr\u00e5der, og freml\u00e6ggelse af tilladelser fra klienter eller kolleger til, at certificeringsudvalget kan kontakte og udsp\u00f8rge disse.<\/p>\n<p>S\u00e5fremt bestyrelsen beslutter, at foreningen skal etablere en certificeringsordning, neds\u00e6tter bestyrelsen samtidigt et certificeringsudvalg og vedtager retningslinjer for sammens\u00e6tningen af udvalget og udvalgets opgaver.<\/p>\n<p>Bestyrelsen kan beslutte, at ans\u00f8gning om certificering foruds\u00e6tter betaling af et gebyr. Gebyret fasts\u00e6ttes af bestyrelsen for \u00e9t kalender\u00e5r ad gangen<\/p>\n<p>&nbsp;<\/p>\n<p><strong>\u00a7 8 Andre udvalg\u00a0<\/strong><\/p>\n<p style=\"text-align: justify; text-justify: inter-ideograph; line-height: 115%;\"><span style=\"font-size: 12pt; line-height: 115%; font-family: Georgia, serif;\">Bestyrelsen kan neds\u00e6tte udvalg, herunder f.eks. et \u00f8konomiudvalg, et arrangementsudvalg og et kommunikationsudvalg.<\/span><\/p>\n<p>&nbsp;<\/p>\n<p><strong>\u00a7 9\u00a0H\u00e6ftelse<\/strong><br \/>\nForeningen h\u00e6fter kun for sine forpligtelser med den til foreningen til enhver tid tilh\u00f8rende formue. Der p\u00e5hviler ikke foreningens medlemmer eller bestyrelse nogen personlig h\u00e6ftelse.<\/p>\n<p>&nbsp;<\/p>\n<p><strong>\u00a710 Regnskab og revision<\/strong><\/p>\n<p>Regnskabs\u00e5ret er kalender\u00e5ret.<\/p>\n<p>Regnskabet udsendes til medlemmerne i forbindelse med indkaldelsen til generalforsamlingen.<\/p>\n<p>Generalforsamlingen v\u00e6lger en statsautoriseret revisor til at revidere regnskabet i overensstemmelse med \u00e5rsregnskabslovens bestemmelser.<\/p>\n<p>&nbsp;<\/p>\n<p><strong>\u00a711 Oph\u00f8r<\/strong><\/p>\n<p>Forslag til opl\u00f8sning af foreningen kan kun vedtages af en generalforsamling, hvor mindst 2\/3 af samtlige stemmer er repr\u00e6senteret, og kun ved vedtagelse med 2\/3 af de afgivne stemmer. Vedtages et forslag med 2\/3 af de afgivne stemmer, men er generalforsamlingen ikke beslutningsdygtig p\u00e5 grund af de repr\u00e6senterede stemmers antal, indkaldes inden 8 dage til en ny generalforsamling, der skal afholdes senest seks uger efter den f\u00f8rste generalforsamling, og som uden hensyn til det m\u00f8dende antal stemmer afg\u00f8r sp\u00f8rgsm\u00e5let. Hvis der for forslaget ikke afgives mindst 2\/3 af de afgivne stemmer, er forslaget bortfaldet.<\/p>\n<p style=\"text-align: justify; text-justify: inter-ideograph; line-height: 115%;\"><span style=\"font-size: 12pt; line-height: 115%; font-family: Georgia, serif;\">Ved foreningens opl\u00f8sning skal eventuelle midler anvendes i overensstemmelse med foreningens form\u00e5l efter bestyrelsens n\u00e6rmere bestemmelse.<\/span><\/p>\n<p>&nbsp;<\/p>\n<p><strong>\u00a712 Ikrafttr\u00e6delse<\/strong><\/p>\n<p>Vedt\u00e6gterne tr\u00e6der i kraft fra foreningens stiftelse den 7. oktober 2018.<\/p>\n<p>&nbsp;<\/p>\n<p>Som dirigent p\u00e5 foreningens ekstraordin\u00e6re generalforsamling den 28.\u00a0 maj 2020:<\/p>\n<p>__________________________<\/p>","protected":false},"excerpt":{"rendered":"<p>Vedt\u00e6gter for foreningen Danish Life Science Law Association \u00a0 \u00a71 Navn, administration, hjemsted og tegning Foreningens navn er \u201dDanish Life Science Law Association\u201d. Foreningens administration varetages af bestyrelsen. Bestyrelsen kan indg\u00e5 en samarbejdsaftale mellem foreningen og Danske Advokater eller andre, som n\u00e6rmere fastl\u00e6gger opgavens omfang og udf\u00f8relse. Bestyrelsen kan herudover beslutte, at forskellige aktiviteter skal [&hellip;]<\/p>\n","protected":false},"author":1,"featured_media":0,"parent":2,"menu_order":4,"comment_status":"closed","ping_status":"closed","template":"","meta":{"_acf_changed":false,"om_disable_all_campaigns":false,"_monsterinsights_skip_tracking":false,"_monsterinsights_sitenote_active":false,"_monsterinsights_sitenote_note":"","_monsterinsights_sitenote_category":0,"footnotes":""},"class_list":["post-50","page","type-page","status-publish","hentry"],"acf":[],"aioseo_notices":[],"_links":{"self":[{"href":"https:\/\/www.dalila.dk\/en\/wp-json\/wp\/v2\/pages\/50","targetHints":{"allow":["GET"]}}],"collection":[{"href":"https:\/\/www.dalila.dk\/en\/wp-json\/wp\/v2\/pages"}],"about":[{"href":"https:\/\/www.dalila.dk\/en\/wp-json\/wp\/v2\/types\/page"}],"author":[{"embeddable":true,"href":"https:\/\/www.dalila.dk\/en\/wp-json\/wp\/v2\/users\/1"}],"replies":[{"embeddable":true,"href":"https:\/\/www.dalila.dk\/en\/wp-json\/wp\/v2\/comments?post=50"}],"version-history":[{"count":18,"href":"https:\/\/www.dalila.dk\/en\/wp-json\/wp\/v2\/pages\/50\/revisions"}],"predecessor-version":[{"id":160,"href":"https:\/\/www.dalila.dk\/en\/wp-json\/wp\/v2\/pages\/50\/revisions\/160"}],"up":[{"embeddable":true,"href":"https:\/\/www.dalila.dk\/en\/wp-json\/wp\/v2\/pages\/2"}],"wp:attachment":[{"href":"https:\/\/www.dalila.dk\/en\/wp-json\/wp\/v2\/media?parent=50"}],"curies":[{"name":"wp","href":"https:\/\/api.w.org\/{rel}","templated":true}]}}