{"id":6,"date":"2019-01-17T10:41:22","date_gmt":"2019-01-17T09:41:22","guid":{"rendered":"http:\/\/test.teranet.dk\/?page_id=6"},"modified":"2024-11-01T13:49:52","modified_gmt":"2024-11-01T12:49:52","slug":"arrangementer","status":"publish","type":"page","link":"https:\/\/www.dalila.dk\/en\/arrangementer\/","title":{"rendered":"EVENTS"},"content":{"rendered":"<h1>EVENTS<\/h1>\n<p><span style=\"font-family: georgia, palatino, serif;\">DALILA afholder som minimum to faglige arrangementer af en halv dags varighed. Det ene arrangement vil blive afholdt i forbindelse med foreningens generalforsamling.<\/span><\/p>\n<p><span style=\"font-family: georgia, palatino, serif;\">Hvis du er medlem af DALILA, er deltagelse i arrangementerne inkluderet i dit medlemskab. Du skal blot huske at tilmelde dig arrangementet. Ikke-medlemmer kan deltage i et arrangement for DKK 500. Hvis du &#8211; som medlem, eller gratis tilmeldt \u2013 ikke deltager i et tilmeldt arrangement, og du ikke har f\u00e5et afmeldt din deltagelse seneste 24 timer f\u00f8r arrangementets start, vil du skulle betale et no-show fee p\u00e5 DKK 250. Det er muligt at videregive din plads til en anden person. I s\u00e5 fald skal den nye deltager blot orientere herom ved ankomst til arrangementet.<\/span><\/p>\n<p class=\"translation-block\"><strong>Tilmeld dig arrangementet<\/strong>&nbsp;ved at sende en mail til dalila@dalila.dk, eller hvis du \u00f8nsker at \u00e6ndre din tilmelding.<\/p>","protected":false},"excerpt":{"rendered":"<p>Arrangementer DALILA afholder som minimum to faglige arrangementer af en halv dags varighed. Det ene arrangement vil blive afholdt i forbindelse med foreningens generalforsamling. Hvis du er medlem af DALILA, er deltagelse i arrangementerne inkluderet i dit medlemskab. Du skal blot huske at tilmelde dig arrangementet. Ikke-medlemmer kan deltage i et arrangement for DKK 500. [&hellip;]<\/p>\n","protected":false},"author":1,"featured_media":0,"parent":0,"menu_order":0,"comment_status":"closed","ping_status":"closed","template":"","meta":{"_acf_changed":false,"om_disable_all_campaigns":false,"_monsterinsights_skip_tracking":false,"_monsterinsights_sitenote_active":false,"_monsterinsights_sitenote_note":"","_monsterinsights_sitenote_category":0,"footnotes":""},"class_list":["post-6","page","type-page","status-publish","hentry"],"acf":[],"aioseo_notices":[],"_links":{"self":[{"href":"https:\/\/www.dalila.dk\/en\/wp-json\/wp\/v2\/pages\/6","targetHints":{"allow":["GET"]}}],"collection":[{"href":"https:\/\/www.dalila.dk\/en\/wp-json\/wp\/v2\/pages"}],"about":[{"href":"https:\/\/www.dalila.dk\/en\/wp-json\/wp\/v2\/types\/page"}],"author":[{"embeddable":true,"href":"https:\/\/www.dalila.dk\/en\/wp-json\/wp\/v2\/users\/1"}],"replies":[{"embeddable":true,"href":"https:\/\/www.dalila.dk\/en\/wp-json\/wp\/v2\/comments?post=6"}],"version-history":[{"count":22,"href":"https:\/\/www.dalila.dk\/en\/wp-json\/wp\/v2\/pages\/6\/revisions"}],"predecessor-version":[{"id":982,"href":"https:\/\/www.dalila.dk\/en\/wp-json\/wp\/v2\/pages\/6\/revisions\/982"}],"wp:attachment":[{"href":"https:\/\/www.dalila.dk\/en\/wp-json\/wp\/v2\/media?parent=6"}],"curies":[{"name":"wp","href":"https:\/\/api.w.org\/{rel}","templated":true}]}}