{"id":945,"date":"2024-07-17T10:55:54","date_gmt":"2024-07-17T08:55:54","guid":{"rendered":"https:\/\/www.dalila.dk\/?page_id=945"},"modified":"2025-06-11T10:22:13","modified_gmt":"2025-06-11T08:22:13","slug":"formular-firmamedlem","status":"publish","type":"page","link":"https:\/\/www.dalila.dk\/en\/formular-firmamedlem\/","title":{"rendered":"Formular &#8211; Firmamedlem"},"content":{"rendered":"<h3 style=\"text-align: left;\">Firmamedlemskab<\/h3>\n<div data-form-id=\"8bff88f7-6c1f-f011-998a-7c1e523666ef\" data-form-api-url=\"https:\/\/public-eur.mkt.dynamics.com\/api\/v1.0\/orgs\/dd3744a1-90ff-47e3-b00d-e93ed37e67e6\/landingpageforms\" data-cached-form-url=\"https:\/\/assets-eur.mkt.dynamics.com\/dd3744a1-90ff-47e3-b00d-e93ed37e67e6\/digitalassets\/forms\/8bff88f7-6c1f-f011-998a-7c1e523666ef\"><\/div>\n<p><script src = 'https:\/\/cxppusa1formui01cdnsa01-endpoint.azureedge.net\/eur\/FormLoader\/FormLoader.bundle.js' ><\/script><\/p>\n<p style=\"text-align: left;\">Udmeldelse kan kun ske til den 1. januar og med mindst en m\u00e2neds varsel. Udmeldelse anses automatisk som sket, hvis kontingentet ikke er betalt en m\u00e5ned fra forfaldsdatoen. <span style=\"text-decoration: underline;\"><a href=\"https:\/\/www.dalila.dk\/en\/om-os\/opsig-medlemskab\/\">\u00d8nsker du at udmelde dig, s\u00e5 klik her.<\/a><\/span><\/p>","protected":false},"excerpt":{"rendered":"<p>Firmamedlemskab Udmeldelse kan kun ske til den 1. januar og med mindst en m\u00e2neds varsel. Udmeldelse anses automatisk som sket, hvis kontingentet ikke er betalt en m\u00e5ned fra forfaldsdatoen. \u00d8nsker du at udmelde dig, s\u00e5 klik her.<\/p>","protected":false},"author":1,"featured_media":0,"parent":0,"menu_order":0,"comment_status":"closed","ping_status":"closed","template":"","meta":{"_acf_changed":false,"om_disable_all_campaigns":false,"_monsterinsights_skip_tracking":false,"_monsterinsights_sitenote_active":false,"_monsterinsights_sitenote_note":"","_monsterinsights_sitenote_category":0,"footnotes":""},"class_list":["post-945","page","type-page","status-publish","hentry"],"acf":[],"aioseo_notices":[],"_links":{"self":[{"href":"https:\/\/www.dalila.dk\/en\/wp-json\/wp\/v2\/pages\/945","targetHints":{"allow":["GET"]}}],"collection":[{"href":"https:\/\/www.dalila.dk\/en\/wp-json\/wp\/v2\/pages"}],"about":[{"href":"https:\/\/www.dalila.dk\/en\/wp-json\/wp\/v2\/types\/page"}],"author":[{"embeddable":true,"href":"https:\/\/www.dalila.dk\/en\/wp-json\/wp\/v2\/users\/1"}],"replies":[{"embeddable":true,"href":"https:\/\/www.dalila.dk\/en\/wp-json\/wp\/v2\/comments?post=945"}],"version-history":[{"count":3,"href":"https:\/\/www.dalila.dk\/en\/wp-json\/wp\/v2\/pages\/945\/revisions"}],"predecessor-version":[{"id":1037,"href":"https:\/\/www.dalila.dk\/en\/wp-json\/wp\/v2\/pages\/945\/revisions\/1037"}],"wp:attachment":[{"href":"https:\/\/www.dalila.dk\/en\/wp-json\/wp\/v2\/media?parent=945"}],"curies":[{"name":"wp","href":"https:\/\/api.w.org\/{rel}","templated":true}]}}